{"id":3,"date":"2023-03-24T18:21:41","date_gmt":"2023-03-24T21:21:41","guid":{"rendered":"http:\/\/localhost\/icefresh\/?page_id=3"},"modified":"2023-05-23T10:09:46","modified_gmt":"2023-05-23T13:09:46","slug":"politica-de-privacidade","status":"publish","type":"page","link":"https:\/\/icefresh.com.br\/es\/politica-de-privacidade\/","title":{"rendered":"Pol\u00edtica de privacidade"},"content":{"rendered":"<h2 class=\"wp-block-heading\">\r\n\r\n\r\n\r\n<\/h2>\r\n<p>A <strong>IceFresh<\/strong> tem o compromisso com a privacidade e a seguran\u00e7a de seus visitantes e clientes durante todo o processo de navega\u00e7\u00e3o pelo site. Os dados cadastrais dos visitantes e clientes n\u00e3o s\u00e3o vendidos, trocados ou divulgados a terceiros.<\/p>\r\n<p>O website da <strong>IceFresh<\/strong>\u00a0utiliza cookies e informa\u00e7\u00f5es de sua navega\u00e7\u00e3o (sess\u00e3o do browser) com o objetivo de tra\u00e7ar um perfil do p\u00fablico que visita o site e aperfei\u00e7oar sempre nossos servi\u00e7os, produtos e conte\u00fados. Durante todo este processo mantemos suas informa\u00e7\u00f5es em sigilo absoluto. Vale lembrar que seus dados s\u00e3o registrados pela website de forma automatizada, dispensando manipula\u00e7\u00e3o humana.<\/p>\r\n<p>Para que estes dados permane\u00e7am intactos, desaconselhamos aos nossos clientes expressamente a divulga\u00e7\u00e3o de sua senha \u00e0 terceiros, mesmo que sejam de sua plena confian\u00e7a.<\/p>\r\n<p>As altera\u00e7\u00f5es sobre nossa pol\u00edtica de privacidade ser\u00e3o devidamente informadas neste espa\u00e7o.<\/p>\r\n<ol>\r\n<li>INFORMA\u00c7\u00d5ES PESSOAIS QUE COLETAMOS<\/li>\r\n<\/ol>\r\n<p>Ao visitar nossa \u00e1rea de comunica\u00e7\u00e3o, registramos dados como frequ\u00eancia de uso, data e hora de acesso, quando voc\u00ea visualiza, ou clica em alguma op\u00e7\u00e3o espec\u00edfica, ou de sua prefer\u00eancia.<\/p>\r\n<p>Quando os clientes se logam na nossa \u00e1rea de servi\u00e7os, l\u00ea nossos usu\u00e1rios e endere\u00e7os de protocolo da Internet (IP), s\u00e3o armazenadas informa\u00e7\u00f5es que possibilitam identific\u00e1-lo e registrar seu uso na Plataforma.<\/p>\r\n<p>Quando os visitantes se acessam a nossa \u00e1rea de comunica\u00e7\u00f5es, l\u00ea nossos endere\u00e7os de e-mail, mensagens, CV (no caso de envio de CV ao RH) e endere\u00e7os de protocolo da Internet (IP), s\u00e3o armazenadas informa\u00e7\u00f5es que possibilitam identific\u00e1-lo e registrar seu uso na Plataforma.<\/p>\r\n<p>Informamos que nenhuma decis\u00e3o \u00e9 tomada por n\u00f3s, com base em perfis, exceto\u00a0 para fins de preven\u00e7\u00e3o leg\u00edtima de fraudes na internet, circunst\u00e2ncias em que a legisla\u00e7\u00e3o reconhece existir interesse leg\u00edtimo no tratamento de dados.<\/p>\r\n<ol start=\"2\">\r\n<li>PROP\u00d3SITO<\/li>\r\n<\/ol>\r\n<p>IceFresh, como Respons\u00e1vel da Parte de Tratamento de Dados, lidar\u00e1 com seus dados pessoais para os seguintes prop\u00f3sitos:<\/p>\r\n<ul>\r\n<li>Gerir seu registro como usu\u00e1rio da plataforma, visando sua identifica\u00e7\u00e3o para conceder-lhe acesso aos servi\u00e7os dispon\u00edveis para usu\u00e1rios registrados;<\/li>\r\n<li>Realizar contato via e-mail sobre atualiza\u00e7\u00f5es ou informa\u00e7\u00f5es relacionadas a recursos humanos, produtos ou servi\u00e7os ou assuntos gerais, desde que sejam necess\u00e1rias ou razo\u00e1veis;<\/li>\r\n<li>Emitir resposta a qualquer solicita\u00e7\u00e3o ou consulta realizada atrav\u00e9s dos canais de atendimento aos visitantes e clientes, dispon\u00edveis em nossas p\u00e1ginas;<\/li>\r\n<li>Utilizar suas informa\u00e7\u00f5es para gerar dados n\u00e3o identificados e incorporados. Por exemplo, gerar estat\u00edsticas sobre visitantes e usu\u00e1rios, seus trabalhos ou \u00e1reas de especializa\u00e7\u00e3o, n\u00famero de cliques em um projeto espec\u00edfico ou dados demogr\u00e1ficos do visitante ou usu\u00e1rios.<\/li>\r\n<\/ul>\r\n<p>Por motivos de seguran\u00e7a, o uso dos recursos do nosso website pode exigir a altera\u00e7\u00e3o de sua senha. Atente-se, pois a seguran\u00e7a dos acessos tamb\u00e9m depende do uso e armazenamento corretos de senhas confidenciais.<\/p>\r\n<ol start=\"3\">\r\n<li>USO DE DADOS<\/li>\r\n<\/ol>\r\n<p>Com o intuito de melhorar nossos servi\u00e7os, saiba que informa\u00e7\u00f5es pessoais relacionadas aos seus interesses e prefer\u00eancias podem ser usadas pela IceFresh para fins de an\u00e1lise, perfis de visitantes e usu\u00e1rios, estudos de marketing, pesquisas de qualidade e melhoria na intera\u00e7\u00e3o com nossos clientes.<\/p>\r\n<p>Caso voc\u00ea permita, de forma expressa, seus dados pessoais poder\u00e3o ser utilizados para disponibiliza\u00e7\u00e3o de publicidade personalizada veiculada aos nossos produtos e servi\u00e7os, que ser\u00e3o apresentados via e-mails ou por outros meios de comunica\u00e7\u00e3o eletr\u00f4nica, por n\u00f3s ou de terceiros colaboradores.<\/p>\r\n<p>Voc\u00ea poder\u00e1 cancelar suas notifica\u00e7\u00f5es seguindo as instru\u00e7\u00f5es em cada comunica\u00e7\u00e3o recebida.<\/p>\r\n<ol start=\"4\">\r\n<li>PER\u00cdODO DE RETEN\u00c7\u00c3O DE DADOS<\/li>\r\n<\/ol>\r\n<p>Seus dados pessoais ser\u00e3o mantidos enquanto mantivermos uma rela\u00e7\u00e3o contratual v\u00e1lida (no caso de clientes que acessam nossos servi\u00e7os online) e enquanto mantivermos uma rela\u00e7\u00e3o de troca de informa\u00e7\u00f5es (no caso do acesso e uso da \u00e1rea de comunica\u00e7\u00f5es), ap\u00f3s isso, pelo per\u00edodo determinado para quaisquer obriga\u00e7\u00f5es decorrentes do tratamento dos dados ou conforme estabelecido por lei.<\/p>\r\n<ol start=\"5\">\r\n<li>QUEM OBT\u00c9M MEUS DADOS<\/li>\r\n<\/ol>\r\n<p>Para cumprimento dos fins indicados nesta Pol\u00edtica de Privacidade, pode ser necess\u00e1rio denunciar ou liberar seus dados pessoais para terceiros pelas seguintes raz\u00f5es:<\/p>\r\n<ul>\r\n<li>Transfer\u00eancias Comerciais: referente a qualquer reorganiza\u00e7\u00e3o, reestrutura\u00e7\u00e3o, fus\u00e3o ou venda, ou qualquer outra transfer\u00eancia de ativos, incluindo pessoal, desde que a parte receptora concorde em tratar suas informa\u00e7\u00f5es pessoais conforme nossa atual Pol\u00edtica de Privacidade;<\/li>\r\n<li>Prestadores de Servi\u00e7os: para prestar servi\u00e7os em nosso nome ou para nos ajudar a fornecer nossos servi\u00e7os. Prestar servi\u00e7os de marketing, publicidade, comunica\u00e7\u00e3o, infraestrutura e TI, personalizar e melhorar nossos servi\u00e7os, prestar atendimento ao cliente, analisar e melhorar dados (como dados sobre a intera\u00e7\u00e3o do usu\u00e1rio com nossos servi\u00e7os), processar e gerenciar pesquisas de satisfa\u00e7\u00e3o.<\/li>\r\n<\/ul>\r\n<ol start=\"6\">\r\n<li>DIREITOS DE PROTE\u00c7\u00c3O DE DADOS<\/li>\r\n<\/ol>\r\n<p>Como Parte Respons\u00e1vel pelo Tratamento de Dados, nos comprometemos em respeitar a natureza confidencial de seus dados pessoais e garantir o pleno exerc\u00edcio desses direitos. S\u00e3o direitos garantidos a voc\u00ea na prote\u00e7\u00e3o de dados:<\/p>\r\n<ul>\r\n<li>Direito de acesso: o titular dos dados tratados, ou seja, voc\u00ea, tem o direito de confirmar se estamos processando seus dados pessoais e, se estivermos, voc\u00ea tem o direito de obter uma c\u00f3pia desses dados e demais informa\u00e7\u00f5es referentes ao manuseio, aos destinat\u00e1rios, ao prazo de conserva\u00e7\u00e3o, e a fonte coletora dos mesmos, caso n\u00e3o tenham sido fornecidos por voc\u00ea, dentre outros;<\/li>\r\n<li>Direito de emendar: trata-se do direito concedido a voc\u00ea para que haja retifica\u00e7\u00e3o de dados inexatos e altera\u00e7\u00e3o de informa\u00e7\u00f5es incompletas, al\u00e9m de lhe ser garantido verificar a autenticidade dos dados que est\u00e3o sendo tratados;<\/li>\r\n<li>Direito de apagar: por meio desse direito, voc\u00ea tamb\u00e9m pode impor a exclus\u00e3o dos seus dados, sem atrasos indevidos, se eles estiverem sendo manipulados indevida e ilicitamente ou se o fim para o qual foram utilizados ou coletados tenha deixado de existir, ressalvados o exerc\u00edcio de express\u00e3o e informa\u00e7\u00e3o, cumprimento de ordem legal, postula\u00e7\u00e3o ou defesa em processo judicial, interesse p\u00fablico da sa\u00fade p\u00fablica e para fins de investiga\u00e7\u00e3o cient\u00edfica ou hist\u00f3rica ou para fins estat\u00edsticos;<\/li>\r\n<li>Direito \u00e0 limita\u00e7\u00e3o de manuseio: Voc\u00ea tem o direito de solicitar que a suspens\u00e3o do tratamento de suas informa\u00e7\u00f5es seja ilegal ou a exatid\u00e3o dos dados tenha sido contestada;<\/li>\r\n<li>Direito de se opor: a voc\u00ea tamb\u00e9m \u00e9 assegurado o direito de se opor ao manuseio de seus dados quando estes forem utilizados para fins de marketing direto ou quando o tratamento for encerrado devido situa\u00e7\u00e3o particular, exceto quando houver leg\u00edtimo interesse ou for necess\u00e1rio para o exerc\u00edcio ou defesa de reivindica\u00e7\u00f5es;<\/li>\r\n<li>Direito de n\u00e3o ser submetido a decis\u00f5es personalizadas: voc\u00ea tem o direito de n\u00e3o ser submetido \u00e0 decis\u00e3o exclusivamente baseada no tratamento autom\u00e1tico de seus dados, incluindo a defini\u00e7\u00e3o de perfis, com efeitos legais vinculantes ou que o afetem, ressalvadas as exce\u00e7\u00f5es previstas em lei, como, por exemplo, quando necess\u00e1rio para a execu\u00e7\u00e3o de um contrato entre o titular dos dados e o respons\u00e1vel por eles, ou se voc\u00ea autorizou expressamente;<\/li>\r\n<li>Direito de portabilidade: refere-se ao direito de receber as informa\u00e7\u00f5es pessoais que lhe digam respeito e que voc\u00ea tenha fornecido a n\u00f3s ou a outro respons\u00e1vel pelo tratamento das mesmas, bem como a possibilidade de transmitir esses dados diretamente a outro respons\u00e1vel, sem que o \u00faltimo respons\u00e1vel a quem os dados pessoais foram confiados o possa impedir, desde que o tratamento dessas informa\u00e7\u00f5es seja l\u00edcito, seja necess\u00e1rio para a execu\u00e7\u00e3o ou dilig\u00eancia de um contrato, tenham sido tratados, com permiss\u00e3o expressa, sob categorias especiais previstas em lei e que seja realizado em meios automatizados;<\/li>\r\n<li>Direito de transpar\u00eancia: esse direito visa que haja transpar\u00eancia e precis\u00e3o das informa\u00e7\u00f5es ou comunica\u00e7\u00f5es destinadas a voc\u00ea ou ao p\u00fablico em geral, relacionadas com a finalidade do uso e do tratamento desses dados pessoais, bem como que sejam de f\u00e1cil acesso e compreens\u00e3o, e formuladas numa linguagem clara e simples. As informa\u00e7\u00f5es ser\u00e3o prestadas por escrito ou por meios eletr\u00f4nicos. Caso deseje, a informa\u00e7\u00e3o tamb\u00e9m poder\u00e1 ser prestada oralmente, desde que voc\u00ea se identifique;<\/li>\r\n<li>Privacidade dos dados das crian\u00e7as: quando as ofertas diretas de servi\u00e7os da informa\u00e7\u00e3o e o tratamento dos dados dizerem respeito ou forem direcionados a crian\u00e7as, com menos de 16 anos, s\u00f3 ser\u00e3o considerados l\u00edcitos e poss\u00edveis se houver o consentimento dos pais ou respons\u00e1veis legais.<\/li>\r\n<\/ul>\r\n<ol start=\"7\">\r\n<li>INFORMA\u00c7\u00c3O SOBRE COOKIES<\/li>\r\n<\/ol>\r\n<p>Ao deixar um coment\u00e1rio no site, voc\u00ea poder\u00e1 optar por salvar seu nome, e-mail e site nos cookies. Isso visa seu conforto, assim voc\u00ea n\u00e3o precisar\u00e1 preencher seus dados novamente quando fizer outro coment\u00e1rio. Estes cookies duram um ano.<\/p>\r\n<p>Se voc\u00ea tem uma conta e acessa este site, um cookie tempor\u00e1rio ser\u00e1 criado para determinar se seu navegador aceita cookies. Ele n\u00e3o cont\u00e9m nenhum dado pessoal e ser\u00e1 descartado quando voc\u00ea fechar seu navegador.<\/p>\r\n<p>Quando voc\u00ea acessa sua conta no site, tamb\u00e9m criamos v\u00e1rios cookies para salvar os dados da sua conta e suas escolhas de exibi\u00e7\u00e3o de tela. Cookies de login s\u00e3o mantidos por dois dias e cookies de op\u00e7\u00f5es de tela por um ano. Se voc\u00ea selecionar &#8220;Lembrar-me&#8221;, seu acesso ser\u00e1 mantido por duas semanas. Se voc\u00ea se desconectar da sua conta, os cookies de login ser\u00e3o removidos.<\/p>\r\n<p>Se voc\u00ea editar ou publicar um artigo, um cookie adicional ser\u00e1 salvo no seu navegador. Este cookie n\u00e3o inclui nenhum dado pessoal e simplesmente indica o ID do post referente ao artigo que voc\u00ea acabou de editar. Ele expira depois de 1 dia.<\/p>\r\n<ol start=\"8\">\r\n<li>ALTERA\u00c7\u00d5ES<\/li>\r\n<\/ol>\r\n<p>Esta Pol\u00edtica de Privacidade ser\u00e1 alterada ocasionalmente e conforme exigido por modifica\u00e7\u00f5es legais, regulamentares ou operacionais. Ressaltamos que notificaremos tais altera\u00e7\u00f5es (incluindo a data efetiva), conforme exig\u00eancias legais.<\/p>","protected":false},"excerpt":{"rendered":"<p>A IceFresh tem o compromisso com a privacidade e a seguran\u00e7a de seus visitantes e clientes durante todo o processo de navega\u00e7\u00e3o pelo site. Os dados cadastrais dos visitantes e clientes n\u00e3o s\u00e3o vendidos, trocados ou divulgados a terceiros. O website da IceFresh\u00a0utiliza cookies e informa\u00e7\u00f5es de sua navega\u00e7\u00e3o (sess\u00e3o do browser) com o objetivo [&hellip;]<\/p>","protected":false},"author":1,"featured_media":221,"parent":0,"menu_order":6,"comment_status":"closed","ping_status":"open","template":"","meta":{"_acf_changed":false,"footnotes":""},"class_list":["post-3","page","type-page","status-publish","has-post-thumbnail","hentry"],"acf":[],"_links":{"self":[{"href":"https:\/\/icefresh.com.br\/es\/wp-json\/wp\/v2\/pages\/3","targetHints":{"allow":["GET"]}}],"collection":[{"href":"https:\/\/icefresh.com.br\/es\/wp-json\/wp\/v2\/pages"}],"about":[{"href":"https:\/\/icefresh.com.br\/es\/wp-json\/wp\/v2\/types\/page"}],"author":[{"embeddable":true,"href":"https:\/\/icefresh.com.br\/es\/wp-json\/wp\/v2\/users\/1"}],"replies":[{"embeddable":true,"href":"https:\/\/icefresh.com.br\/es\/wp-json\/wp\/v2\/comments?post=3"}],"version-history":[{"count":1,"href":"https:\/\/icefresh.com.br\/es\/wp-json\/wp\/v2\/pages\/3\/revisions"}],"predecessor-version":[{"id":280,"href":"https:\/\/icefresh.com.br\/es\/wp-json\/wp\/v2\/pages\/3\/revisions\/280"}],"wp:featuredmedia":[{"embeddable":true,"href":"https:\/\/icefresh.com.br\/es\/wp-json\/wp\/v2\/media\/221"}],"wp:attachment":[{"href":"https:\/\/icefresh.com.br\/es\/wp-json\/wp\/v2\/media?parent=3"}],"curies":[{"name":"wp","href":"https:\/\/api.w.org\/{rel}","templated":true}]}}