{"id":11,"date":"2023-03-28T11:44:04","date_gmt":"2023-03-28T14:44:04","guid":{"rendered":"http:\/\/localhost\/icefresh\/?page_id=11"},"modified":"2025-07-29T12:09:18","modified_gmt":"2025-07-29T15:09:18","slug":"quem-somos","status":"publish","type":"page","link":"https:\/\/icefresh.com.br\/es\/quem-somos\/","title":{"rendered":"Quienes somos"},"content":{"rendered":"<p>Icefresh fue fundada en 1974, en Bauru. Hoy en d\u00eda, la empresa es uno de los principales fabricantes de productos de Higiene Bucal. Su misi\u00f3n principal es satisfacer las necesidades de los consumidores de manera confiable, econ\u00f3mica y segura.<\/p>\n<p>Hemos buscado la calidad y la innovaci\u00f3n a lo largo de los a\u00f1os, satisfaciendo as\u00ed las necesidades del mercado. Ya sea en la creaci\u00f3n de nuevos productos, adquisici\u00f3n de modernos equipos y tecnolog\u00eda de alta precisi\u00f3n, capacitaci\u00f3n y calificaci\u00f3n del equipo, garantizando siempre los mejores productos y los precios m\u00e1s competitivos del mercado.<\/p>\n<p>Icefresh es la mejor opci\u00f3n en productos de higiene bucal, despu\u00e9s de todo, una sonrisa saludable es nuestro principal compromiso.<\/p>\n<p><a href=\"https:\/\/www.youtube.com\/watch?v=xyreyfiyjF4\" target=\"_blank\" rel=\"noopener\">Conozca IceFresh<\/a><\/p>","protected":false},"excerpt":{"rendered":"<p>A Icefresh foi fundada em 1974, em Bauru. Hoje, a companhia \u00e9 uma das principais fabricantes de produtos de Higiene Bucal. A sua principal miss\u00e3o \u00e9 atender de forma confi\u00e1vel, acess\u00edvel e segura \u00e0s necessidades dos consumidores. Buscamos ao longo dos anos qualidade e inova\u00e7\u00e3o, suprindo assim as necessidades do mercado. Seja na cria\u00e7\u00e3o de [&hellip;]<\/p>","protected":false},"author":1,"featured_media":221,"parent":0,"menu_order":1,"comment_status":"closed","ping_status":"closed","template":"pag-sobre.php","meta":{"_acf_changed":false,"footnotes":""},"class_list":["post-11","page","type-page","status-publish","has-post-thumbnail","hentry"],"acf":[],"_links":{"self":[{"href":"https:\/\/icefresh.com.br\/es\/wp-json\/wp\/v2\/pages\/11","targetHints":{"allow":["GET"]}}],"collection":[{"href":"https:\/\/icefresh.com.br\/es\/wp-json\/wp\/v2\/pages"}],"about":[{"href":"https:\/\/icefresh.com.br\/es\/wp-json\/wp\/v2\/types\/page"}],"author":[{"embeddable":true,"href":"https:\/\/icefresh.com.br\/es\/wp-json\/wp\/v2\/users\/1"}],"replies":[{"embeddable":true,"href":"https:\/\/icefresh.com.br\/es\/wp-json\/wp\/v2\/comments?post=11"}],"version-history":[{"count":24,"href":"https:\/\/icefresh.com.br\/es\/wp-json\/wp\/v2\/pages\/11\/revisions"}],"predecessor-version":[{"id":451,"href":"https:\/\/icefresh.com.br\/es\/wp-json\/wp\/v2\/pages\/11\/revisions\/451"}],"wp:featuredmedia":[{"embeddable":true,"href":"https:\/\/icefresh.com.br\/es\/wp-json\/wp\/v2\/media\/221"}],"wp:attachment":[{"href":"https:\/\/icefresh.com.br\/es\/wp-json\/wp\/v2\/media?parent=11"}],"curies":[{"name":"wp","href":"https:\/\/api.w.org\/{rel}","templated":true}]}}